{"id":865,"date":"2018-06-28T16:36:00","date_gmt":"2018-06-28T19:36:00","guid":{"rendered":"https:\/\/isfd174-bue.infd.edu.ar\/sitio\/nuevo-plan-de-estudios-2\/"},"modified":"2024-02-10T12:21:01","modified_gmt":"2024-02-10T15:21:01","slug":"nuevo-plan-de-estudios-2","status":"publish","type":"page","link":"https:\/\/isfd174-bue.infd.edu.ar\/sitio\/nuevo-plan-de-estudios-2\/","title":{"rendered":"NUEVO PLAN DE ESTUDIOS RESOLUCI\u00d3N 1860\/17"},"content":{"rendered":"\n<p><span style=\"font-size: 12pt;\">A partir del A\u00f1o Acad\u00e9mico 2018 se implementa un nuevo plan de estudios, comenzando por Primer A\u00f1o.<\/span><\/p>\n\n\n\n<p><strong><span style=\"font-size: 12pt;\">NOTA IMPORTANTE:<\/span><\/strong><\/p>\n\n\n\n<p><\/p>\n\n\n\n<p><span style=\"font-size: 12pt;\">La Res. 1860 establece como condici\u00f3n de cursada que las asignaturas correlativas a&nbsp; las que se piensa cursar deben estar&nbsp;<strong>acreditadas al comienzo del Ciclo Lectivo o en condiciones de hacerlo hasta julio-agosto&nbsp;<\/strong>(en el caso de las Unidades curriculares del a\u00f1o inmediato anterior), por lo cual&nbsp;&nbsp;<strong>no existe posibilidad de NOTAS EN RESERVA<\/strong>&nbsp;en estos nuevos planes de estudio.<\/span><\/p>\n\n\n\n<figure class=\"wp-block-image is-style-default\"><img decoding=\"async\" src=\"https:\/\/isfd174-bue.infd.edu.ar\/sitio\/wp-content\/uploads\/2018\/06\/NUEVO_CURRICULUM_INGLES_PARA_WEB_-_jpg_2.jpg\" alt=\"Nuevo Plan de Estudios Ingl\u00e9s2\" title=\"Nuevo Plan de Estudios Ingl\u00e9s2\"\/><\/figure>\n","protected":false},"excerpt":{"rendered":"<p>A partir del A\u00f1o Acad\u00e9mico 2018 se implementa un nuevo plan de estudios, comenzando por Primer A\u00f1o. NOTA IMPORTANTE: La Res. 1860 establece como condici\u00f3n de cursada que las asignaturas correlativas a&nbsp; las que se piensa cursar deben estar&nbsp;acreditadas al comienzo del Ciclo Lectivo o en condiciones de hacerlo hasta julio-agosto&nbsp;(en el caso de las &#8230; <a title=\"NUEVO PLAN DE ESTUDIOS RESOLUCI\u00d3N 1860\/17\" class=\"read-more\" href=\"https:\/\/isfd174-bue.infd.edu.ar\/sitio\/nuevo-plan-de-estudios-2\/\" aria-label=\"More on NUEVO PLAN DE ESTUDIOS RESOLUCI\u00d3N 1860\/17\">[+]<\/a><\/p>\n","protected":false},"author":1352,"featured_media":0,"parent":0,"menu_order":0,"comment_status":"closed","ping_status":"closed","template":"","meta":[],"acf":[],"_links":{"self":[{"href":"https:\/\/isfd174-bue.infd.edu.ar\/sitio\/wp-json\/wp\/v2\/pages\/865"}],"collection":[{"href":"https:\/\/isfd174-bue.infd.edu.ar\/sitio\/wp-json\/wp\/v2\/pages"}],"about":[{"href":"https:\/\/isfd174-bue.infd.edu.ar\/sitio\/wp-json\/wp\/v2\/types\/page"}],"author":[{"embeddable":true,"href":"https:\/\/isfd174-bue.infd.edu.ar\/sitio\/wp-json\/wp\/v2\/users\/1352"}],"replies":[{"embeddable":true,"href":"https:\/\/isfd174-bue.infd.edu.ar\/sitio\/wp-json\/wp\/v2\/comments?post=865"}],"version-history":[{"count":36,"href":"https:\/\/isfd174-bue.infd.edu.ar\/sitio\/wp-json\/wp\/v2\/pages\/865\/revisions"}],"predecessor-version":[{"id":2469,"href":"https:\/\/isfd174-bue.infd.edu.ar\/sitio\/wp-json\/wp\/v2\/pages\/865\/revisions\/2469"}],"wp:attachment":[{"href":"https:\/\/isfd174-bue.infd.edu.ar\/sitio\/wp-json\/wp\/v2\/media?parent=865"}],"curies":[{"name":"wp","href":"https:\/\/api.w.org\/{rel}","templated":true}]}}