{"id":863,"date":"2018-06-28T16:35:59","date_gmt":"2018-06-28T19:35:59","guid":{"rendered":"https:\/\/isfd174-bue.infd.edu.ar\/sitio\/nuevo-plan-de-estudios\/"},"modified":"2024-02-10T12:38:41","modified_gmt":"2024-02-10T15:38:41","slug":"nuevo-plan-de-estudios","status":"publish","type":"page","link":"https:\/\/isfd174-bue.infd.edu.ar\/sitio\/nuevo-plan-de-estudios\/","title":{"rendered":"Nuevo Plan de Estudios"},"content":{"rendered":"<p>A partir de 2018 se implementar\u00e0 un nuevo Plan de Estudios, comenzando por Primer A\u00f1o.<\/p>\n<p><strong><span style=\"font-size: 12pt;\">NOTA IMPORTANTE:<\/span><\/strong><\/p>\n<p><span style=\"font-size: 12pt;\">La Res. 1862 establece como condici\u00f3n de cursada que las asignaturas correlativas a\u00a0 las que se piensa cursar deben estar <strong>a<\/strong><strong>creditadas al comienzo del Ciclo Lectivo o en condiciones de hacerlo hasta julio-agosto\u00a0<\/strong>(en el caso de las Unidades curriculares del a\u00f1o inmediato anterior), por lo cual\u00a0 <strong>no existe posibilidad de NOTAS EN RESERVA<\/strong> en estos nuevos planes de estudio.<\/span><\/p>\n<p><img decoding=\"async\" title=\"NUEVO DISE\u00d1O LENGUA\" src=\"https:\/\/isfd174-bue.infd.edu.ar\/sitio\/wp-content\/uploads\/2018\/06\/CURRICULUM-INGLS-PARA-WEB.jpg\" alt=\"NUEVO DISE\u00d1O LENGUA\" border=\"0\" \/><\/p>\n","protected":false},"excerpt":{"rendered":"<p>A partir de 2018 se implementar\u00e0 un nuevo Plan de Estudios, comenzando por Primer A\u00f1o. NOTA IMPORTANTE: La Res. 1862 establece como condici\u00f3n de cursada que las asignaturas correlativas a\u00a0 las que se piensa cursar deben estar acreditadas al comienzo del Ciclo Lectivo o en condiciones de hacerlo hasta julio-agosto\u00a0(en el caso de las Unidades &#8230; <a title=\"Nuevo Plan de Estudios\" class=\"read-more\" href=\"https:\/\/isfd174-bue.infd.edu.ar\/sitio\/nuevo-plan-de-estudios\/\" aria-label=\"More on Nuevo Plan de Estudios\">[+]<\/a><\/p>\n","protected":false},"author":1352,"featured_media":0,"parent":0,"menu_order":0,"comment_status":"closed","ping_status":"closed","template":"","meta":[],"acf":[],"_links":{"self":[{"href":"https:\/\/isfd174-bue.infd.edu.ar\/sitio\/wp-json\/wp\/v2\/pages\/863"}],"collection":[{"href":"https:\/\/isfd174-bue.infd.edu.ar\/sitio\/wp-json\/wp\/v2\/pages"}],"about":[{"href":"https:\/\/isfd174-bue.infd.edu.ar\/sitio\/wp-json\/wp\/v2\/types\/page"}],"author":[{"embeddable":true,"href":"https:\/\/isfd174-bue.infd.edu.ar\/sitio\/wp-json\/wp\/v2\/users\/1352"}],"replies":[{"embeddable":true,"href":"https:\/\/isfd174-bue.infd.edu.ar\/sitio\/wp-json\/wp\/v2\/comments?post=863"}],"version-history":[{"count":5,"href":"https:\/\/isfd174-bue.infd.edu.ar\/sitio\/wp-json\/wp\/v2\/pages\/863\/revisions"}],"predecessor-version":[{"id":2473,"href":"https:\/\/isfd174-bue.infd.edu.ar\/sitio\/wp-json\/wp\/v2\/pages\/863\/revisions\/2473"}],"wp:attachment":[{"href":"https:\/\/isfd174-bue.infd.edu.ar\/sitio\/wp-json\/wp\/v2\/media?parent=863"}],"curies":[{"name":"wp","href":"https:\/\/api.w.org\/{rel}","templated":true}]}}