{"id":839,"date":"2018-06-28T16:35:48","date_gmt":"2018-06-28T19:35:48","guid":{"rendered":"https:\/\/isfd174-bue.infd.edu.ar\/sitio\/ingreso-al-profesorado-de-ingles\/"},"modified":"2022-03-23T11:30:48","modified_gmt":"2022-03-23T14:30:48","slug":"ingreso-al-profesorado-de-ingles","status":"publish","type":"page","link":"https:\/\/isfd174-bue.infd.edu.ar\/sitio\/ingreso-al-profesorado-de-ingles\/","title":{"rendered":"Ingreso al Profesorado de Ingl\u00e9s"},"content":{"rendered":"<p><span style=\"font-family: verdana, geneva;\"><strong>INGRESAR AL PROFESORADO DE INGL\u00c9S<\/strong> <\/span><\/p>\n<hr \/>\n<ul>\n<li style=\"text-align: justify;\"><span style=\"font-family: verdana, geneva; font-size: 10pt;\">Para ingresar al Profesorado de Ingl\u00e9s es participar de una evaluaci\u00f3n del nivel del idioma, que se realizar\u00e1 en proceso, durante el Curso Inicial. <\/span><\/li>\n<li style=\"text-align: justify;\"><span style=\"font-family: verdana, geneva; font-size: 10pt;\">La evaluaci\u00f3n del nivel del idioma permite establecer qu\u00e9 aspirantes a poseen las competencias ling\u00fc\u00edsticas para cursar las materias del 1\u00b0 a\u00f1o. <\/span><\/li>\n<li style=\"text-align: justify;\"><span style=\"font-family: verdana, geneva; font-size: 10pt;\">Los alumnos que no alcances estas competencias ling\u00fc\u00edsticas, tienen a su disposici\u00f3n el curso de formaci\u00f3n b\u00e1sica (<strong>CUFBA<\/strong>) de 8 m\u00f3dulos semanales. Su aprobaci\u00f3n garantiza el acceso directo a la carrera. <\/span><\/li>\n<li style=\"text-align: justify;\"><span style=\"font-family: verdana, geneva; font-size: 10pt;\">El curso de formaci\u00f3n est\u00e1 abierto a la comunidad educativa y admite estudiantes que est\u00e9n cursando el \u00faltimo a\u00f1o del nivel secundario. <\/span><\/li>\n<\/ul>\n","protected":false},"excerpt":{"rendered":"<p>INGRESAR AL PROFESORADO DE INGL\u00c9S Para ingresar al Profesorado de Ingl\u00e9s es participar de una evaluaci\u00f3n del nivel del idioma, que se realizar\u00e1 en proceso, durante el Curso Inicial. La evaluaci\u00f3n del nivel del idioma permite establecer qu\u00e9 aspirantes a poseen las competencias ling\u00fc\u00edsticas para cursar las materias del 1\u00b0 a\u00f1o. Los alumnos que no &#8230; <a title=\"Ingreso al Profesorado de Ingl\u00e9s\" class=\"read-more\" href=\"https:\/\/isfd174-bue.infd.edu.ar\/sitio\/ingreso-al-profesorado-de-ingles\/\" aria-label=\"More on Ingreso al Profesorado de Ingl\u00e9s\">[+]<\/a><\/p>\n","protected":false},"author":1352,"featured_media":0,"parent":0,"menu_order":0,"comment_status":"closed","ping_status":"closed","template":"","meta":[],"acf":[],"_links":{"self":[{"href":"https:\/\/isfd174-bue.infd.edu.ar\/sitio\/wp-json\/wp\/v2\/pages\/839"}],"collection":[{"href":"https:\/\/isfd174-bue.infd.edu.ar\/sitio\/wp-json\/wp\/v2\/pages"}],"about":[{"href":"https:\/\/isfd174-bue.infd.edu.ar\/sitio\/wp-json\/wp\/v2\/types\/page"}],"author":[{"embeddable":true,"href":"https:\/\/isfd174-bue.infd.edu.ar\/sitio\/wp-json\/wp\/v2\/users\/1352"}],"replies":[{"embeddable":true,"href":"https:\/\/isfd174-bue.infd.edu.ar\/sitio\/wp-json\/wp\/v2\/comments?post=839"}],"version-history":[{"count":1,"href":"https:\/\/isfd174-bue.infd.edu.ar\/sitio\/wp-json\/wp\/v2\/pages\/839\/revisions"}],"predecessor-version":[{"id":1831,"href":"https:\/\/isfd174-bue.infd.edu.ar\/sitio\/wp-json\/wp\/v2\/pages\/839\/revisions\/1831"}],"wp:attachment":[{"href":"https:\/\/isfd174-bue.infd.edu.ar\/sitio\/wp-json\/wp\/v2\/media?parent=839"}],"curies":[{"name":"wp","href":"https:\/\/api.w.org\/{rel}","templated":true}]}}