{"id":831,"date":"2018-06-28T16:35:46","date_gmt":"2018-06-28T19:35:46","guid":{"rendered":"https:\/\/isfd174-bue.infd.edu.ar\/sitio\/equipo-de-conduccion\/"},"modified":"2024-02-11T14:22:00","modified_gmt":"2024-02-11T17:22:00","slug":"equipo-de-conduccion","status":"publish","type":"page","link":"https:\/\/isfd174-bue.infd.edu.ar\/sitio\/equipo-de-conduccion\/","title":{"rendered":"Equipo de conducci\u00f3n"},"content":{"rendered":"<p style=\"text-align: center;\">\n<p style=\"text-align: center;\"><span style=\"color: #000000; font-family: arial black,avant garde; font-size: 12pt;\">U N I D A D \u00a0 A C A D \u00c9 M I C A<\/span><\/p>\n<p style=\"text-align: center;\"><span style=\"font-family: 'arial black', 'avant garde'; font-size: 10pt;\">ESCUELA NORMAL SUPERIOR<\/span><\/p>\n<p style=\"text-align: center;\"><span style=\"font-family: 'arial black', 'avant garde'; font-size: 10pt;\">ROSARIO VERA PE\u00d1ALOZA<\/span><\/p>\n<div>\n<div style=\"text-align: left;\">\n<table style=\"margin-right: auto; margin-left: auto;\" border=\"0\">\n<tbody>\n<tr>\n<td valign=\"middle\">\n<h2><span style=\"font-family: 'trebuchet ms', geneva; font-size: 12pt;\">\u00a0 \u00a0 <img decoding=\"async\" title=\"imagen director\" src=\"https:\/\/isfd174-bue.infd.edu.ar\/sitio\/wp-content\/uploads\/2018\/06\/Director-3.jpg\" alt=\"imagen director\" border=\"0\" \/><\/span><\/h2>\n<\/td>\n<\/tr>\n<tr>\n<td><\/td>\n<\/tr>\n<tr align=\"center\">\n<td>\n<h2><\/h2>\n<h2><span style=\"font-family: arial black,avant garde; font-size: 12pt;\">I.S.F.D.\u00a0174<\/span><\/h2>\n<\/td>\n<\/tr>\n<tr>\n<td>\n<h2><span style=\"font-family: 'trebuchet ms', geneva; font-size: 12pt;\">Director:<span style=\"color: #993300;\">\u00a0Prof.<\/span> <span style=\"color: #800000;\"><strong>Lic. Mg Sebasti\u00e1n M\u00f3naco<\/strong><\/span><\/span><\/h2>\n<\/td>\n<\/tr>\n<tr>\n<td>\n<h2><span style=\"font-family: 'trebuchet ms', geneva; font-size: 12pt;\"><span style=\"font-family: 'trebuchet ms', geneva;\">Vicedirector: <span style=\"color: #800000;\">Prof. Ariel Grzeskow<\/span><\/span><\/span><\/h2>\n<\/td>\n<\/tr>\n<tr>\n<td>\n<h2><span style=\"font-family: 'trebuchet ms', geneva; font-size: 12pt;\"><span style=\"font-family: 'trebuchet ms', geneva;\">Secretaria: <span style=\"font-family: 'trebuchet ms', geneva;\"><span style=\"color: #993300;\">Prof. Susana Bel\u00e9n Gonz\u00e1elez L\u00f3pez<\/span><\/span><\/span><strong style=\"color: #800000;\"><br \/>\n<\/strong><\/span><\/h2>\n<\/td>\n<\/tr>\n<tr>\n<td>\n<h2><span style=\"font-family: 'trebuchet ms', geneva; font-size: 12pt;\">Pro Secretaria: <\/span><span style=\"font-family: 'trebuchet ms', geneva; font-size: 12pt;\"><span style=\"font-family: 'trebuchet ms', geneva;\"><span style=\"color: #993300;\">Mar\u00eda Laura Calder\u00f3n<\/span><\/span><\/span><\/h2>\n<\/td>\n<\/tr>\n<tr>\n<td>\n<h2><span style=\"font-family: 'trebuchet ms', geneva; font-size: 12pt;\">Regente:\u00a0<span style=\"color: #993300;\">Prof. Mar\u00eda del Carmen Navarro S\u00e1nchez<\/span><\/span><\/h2>\n<\/td>\n<\/tr>\n<\/tbody>\n<\/table>\n<\/div>\n<div style=\"text-align: right;\"><span style=\"font-size: 12pt; font-family: 'trebuchet ms', geneva;\">\u00a0<\/span><\/div>\n<div style=\"text-align: right;\"><span style=\"font-size: 12pt; font-family: 'trebuchet ms', geneva;\">Ver <strong><span style=\"color: #800000;\"><a title=\"Equipo directivo - Horarios \" href=\"index.cgi?wid_item=128&amp;wid_seccion=1\">horarios<\/a><\/span><\/strong><\/span><\/div>\n<div style=\"text-align: left;\"><span style=\"font-family: 'trebuchet ms', geneva; font-size: 10pt;\">\u00a0<\/span><span style=\"font-family: 'trebuchet ms', geneva; font-size: 10pt;\">\u00a0 \u00a0 \u00a0 \u00a0 \u00a0 \u00a0 \u00a0 \u00a0 \u00a0 \u00a0<\/span><\/div>\n<div><span style=\"font-family: verdana, geneva;\"><strong>\u00a0<\/strong><\/span><\/div>\n<\/div>\n<div style=\"text-align: right;\">\n<table border=\"0\" align=\"right\">\n<tbody>\n<tr>\n<td><a style=\"font-family: 'Trebuchet MS', Calibri, sans-serif; font-size: 13px; text-align: right;\" title=\"El Instituto\" href=\"index.cgi?wid_seccion=1\"><img decoding=\"async\" loading=\"lazy\" style=\"vertical-align: middle; border: 0;\" src=\"https:\/\/isfd174-bue.infd.edu.ar\/aula\/archivos\/repositorio\/0\/156\/volver%20atras.jpg\" alt=\"\" width=\"70\" height=\"74\" border=\"0\" \/><\/a><\/td>\n<td><\/td>\n<\/tr>\n<tr>\n<td><\/td>\n<td><a title=\"Home\" href=\"index.cgi\"><img decoding=\"async\" loading=\"lazy\" src=\"https:\/\/isfd174-bue.infd.edu.ar\/aula\/archivos\/repositorio\/\/0\/144\/Inicio.jpg\" width=\"70\" height=\"74\" border=\"0\" \/><\/a><\/td>\n<\/tr>\n<\/tbody>\n<\/table>\n<\/div>\n<div>\n<div><span style=\"color: #005599; font-family: Verdana, Geneva, Arial, Helvetica, sans-serif; font-size: xx-small;\"><strong>\u00a0<\/strong><\/span><\/div>\n<\/div>\n","protected":false},"excerpt":{"rendered":"<p>U N I D A D \u00a0 A C A D \u00c9 M I C A ESCUELA NORMAL SUPERIOR ROSARIO VERA PE\u00d1ALOZA \u00a0 \u00a0 I.S.F.D.\u00a0174 Director:\u00a0Prof. Lic. Mg Sebasti\u00e1n M\u00f3naco Vicedirector: Prof. Ariel Grzeskow Secretaria: Prof. Susana Bel\u00e9n Gonz\u00e1elez L\u00f3pez Pro Secretaria: Mar\u00eda Laura Calder\u00f3n Regente:\u00a0Prof. Mar\u00eda del Carmen Navarro S\u00e1nchez \u00a0 Ver horarios \u00a0\u00a0 &#8230; <a title=\"Equipo de conducci\u00f3n\" class=\"read-more\" href=\"https:\/\/isfd174-bue.infd.edu.ar\/sitio\/equipo-de-conduccion\/\" aria-label=\"More on Equipo de conducci\u00f3n\">[+]<\/a><\/p>\n","protected":false},"author":1352,"featured_media":0,"parent":0,"menu_order":0,"comment_status":"closed","ping_status":"closed","template":"","meta":[],"acf":[],"_links":{"self":[{"href":"https:\/\/isfd174-bue.infd.edu.ar\/sitio\/wp-json\/wp\/v2\/pages\/831"}],"collection":[{"href":"https:\/\/isfd174-bue.infd.edu.ar\/sitio\/wp-json\/wp\/v2\/pages"}],"about":[{"href":"https:\/\/isfd174-bue.infd.edu.ar\/sitio\/wp-json\/wp\/v2\/types\/page"}],"author":[{"embeddable":true,"href":"https:\/\/isfd174-bue.infd.edu.ar\/sitio\/wp-json\/wp\/v2\/users\/1352"}],"replies":[{"embeddable":true,"href":"https:\/\/isfd174-bue.infd.edu.ar\/sitio\/wp-json\/wp\/v2\/comments?post=831"}],"version-history":[{"count":3,"href":"https:\/\/isfd174-bue.infd.edu.ar\/sitio\/wp-json\/wp\/v2\/pages\/831\/revisions"}],"predecessor-version":[{"id":2546,"href":"https:\/\/isfd174-bue.infd.edu.ar\/sitio\/wp-json\/wp\/v2\/pages\/831\/revisions\/2546"}],"wp:attachment":[{"href":"https:\/\/isfd174-bue.infd.edu.ar\/sitio\/wp-json\/wp\/v2\/media?parent=831"}],"curies":[{"name":"wp","href":"https:\/\/api.w.org\/{rel}","templated":true}]}}