{"id":814,"date":"2018-06-28T16:35:39","date_gmt":"2018-06-28T19:35:39","guid":{"rendered":"https:\/\/isfd174-bue.infd.edu.ar\/sitio\/ubicacion-y-accesos\/"},"modified":"2024-11-12T22:09:07","modified_gmt":"2024-11-13T01:09:07","slug":"ubicacion-y-accesos","status":"publish","type":"page","link":"https:\/\/isfd174-bue.infd.edu.ar\/sitio\/ubicacion-y-accesos\/","title":{"rendered":"Ubicaci\u00f3n y Accesos"},"content":{"rendered":"\n<p><\/p>\n\n\n<p><span class=\"Resaltado1\" style=\"font-size: 14pt;\">DIRECCI\u00d3N POSTAL<\/span><\/p>\n<p style=\"text-align: left;\"><span style=\"font-size: small; color: #cc3366;\"><span style=\"font-family: book antiqua,palatino;\"><span style=\"font-size: 12pt;\"><span style=\"color: #cc3366;\"><span style=\"color: #000000;\"><br \/><span style=\"font-family: 'trebuchet ms', geneva; font-size: 12pt;\"><strong>(120) Balcarce 3469 (Casi esquina Mitre) &#8211; Villa Ballester\u00a0<\/strong><\/span><\/span><\/span><\/span><\/span><\/span><span style=\"font-family: 'trebuchet ms', geneva; font-size: 10pt;\"><strong><span style=\"font-size: 12pt;\">(B1653MWK)<\/span><\/strong><\/span><\/p>\n<p style=\"text-align: left;\"><span style=\"font-family: 'trebuchet ms', geneva; font-size: 10pt;\"><strong><span style=\"font-size: 12pt;\">Partido de General San Mart\u00edn &#8211; Provincia de Buenos Aires<\/span>\u00a0<\/strong><\/span><\/p>\n<p style=\"text-align: right;\">\u00a0<\/p>\n<p style=\"text-align: center;\"><iframe loading=\"lazy\" style=\"border: 0px;\" src=\"https:\/\/www.google.com\/maps\/embed?pb=!1m18!1m12!1m3!1d1642.9828212121931!2d-58.563685941924284!3d-34.554425286082186!2m3!1f0!2f0!3f0!3m2!1i1024!2i768!4f13.1!3m3!1m2!1s0x95bcb9f97c5aeaaf%3A0xc184c86f15d93f65!2sBalcarce+3469%2C+Villa+Ballester%2C+Buenos+Aires!5e0!3m2!1ses-419!2sar!4v1445898343608&amp;wmode=transparent\" width=\"600\" height=\"450\" frameborder=\"0\"><\/iframe>\u00a0<\/p>\n<table border=\"0\" align=\"center\">\n<tbody>\n<tr>\n<td>\n<h2><span style=\"font-family: 'arial black', 'avant garde'; font-size: 8pt;\"><strong style=\"font-family: 'trebuchet ms', geneva; font-size: 16px;\"><span style=\"font-family: helvetica;\">Tel\u00e9fonos<\/span><br \/><\/strong><\/span><\/h2>\n<\/td>\n<td>\u00a0<\/td>\n<td class=\"Resaltado1\">\n<p><span style=\"font-size: 12pt;\">4768-2645<\/span><\/p>\n<p><span style=\"font-size: 12pt;\">5197-8548<\/span><\/p>\n<\/td>\n<\/tr>\n<tr>\n<td>\n<h2><span style=\"font-family: 'arial black', 'avant garde'; font-size: 8pt;\"><strong style=\"font-family: 'trebuchet ms', geneva; font-size: 16px;\"><span style=\"font-family: helvetica;\">Horarios de Atenci\u00f3n<\/span><br \/><\/strong><\/span><\/h2>\n<\/td>\n<td>\u00a0<\/td>\n<td class=\"Resaltado1\">\n<p><strong style=\"font-family: 'Trebuchet MS', Calibri, sans-serif; font-size: 13px; text-align: center;\"><span style=\"font-family: 'trebuchet ms', geneva; font-size: 12pt;\">Lunes a Viernes\u00a0<\/span><\/strong><strong style=\"font-family: 'Trebuchet MS', Calibri, sans-serif; font-size: 13px; text-align: center;\"><span style=\"font-size: 12pt; font-family: 'trebuchet ms', geneva;\">de\u00a0<\/span><\/strong><strong style=\"font-family: 'Trebuchet MS', Calibri, sans-serif; font-size: 13px; text-align: center;\"><span style=\"font-size: 12pt; font-family: 'trebuchet ms', geneva;\">9.00 a 11.00 y <\/span><\/strong><strong style=\"font-family: 'Trebuchet MS', Calibri, sans-serif; font-size: 13px; text-align: center;\"><span style=\"font-size: 12pt; font-family: 'trebuchet ms', geneva;\">de 18.30 a 22:00 Hs<\/span><\/strong><\/p>\n<\/td>\n<\/tr>\n<tr>\n<td>\n<h2><span style=\"font-family: helvetica; font-size: 12pt;\">Correo electr\u00f3nico<\/span><\/h2>\n<\/td>\n<td>\u00a0<\/td>\n<td class=\"Resaltado1\">\n<p><strong style=\"font-family: 'Trebuchet MS', Calibri, sans-serif; font-size: 13px; text-align: center;\"><span style=\"font-family: 'trebuchet ms', geneva; font-size: 12pt;\">unidadacade174@yahoo.com.ar<\/span><\/strong><\/p>\n<\/td>\n<\/tr>\n<tr>\n<td>\n<h2><strong><span style=\"font-size: 12pt; font-family: 'trebuchet ms', geneva;\">Sitio Web<\/span><\/strong><\/h2>\n<\/td>\n<td>\u00a0<\/td>\n<td>\n<p><span style=\"color: #000000;\"><strong class=\"Resaltado1\" style=\"font-family: 'Trebuchet MS', Calibri, sans-serif; font-size: 13px; text-align: center;\"><span style=\"font-size: 12pt; font-family: 'trebuchet ms', geneva;\"><a style=\"color: #000000;\" href=\"..\/\/\">http:\/\/isfd174.bue.infd.edu.ar\/sitio<\/a><\/span><\/strong><\/span><\/p>\n<\/td>\n<\/tr>\n<tr>\n<td>\u00a0<\/td>\n<td>\u00a0<\/td>\n<td>\u00a0<\/td>\n<\/tr>\n<\/tbody>\n<\/table>\n<p style=\"text-align: left;\"><span style=\"font-size: 12pt;\"><span style=\"color: #000000;\">\u00a0<\/span><\/span><\/p>\n<p style=\"text-align: left;\"><span style=\"font-size: 12pt;\"><span style=\"color: #000000;\"><span class=\"Resaltado1\" style=\"font-size: 14pt;\">\u00bfC\u00d3MO LLEGAR?<\/span><br \/><\/span><\/span><\/p>\n<p style=\"text-align: left;\"><span class=\"Texto_arial\" style=\"font-size: 14pt;\">Estamos ubicados en el coraz\u00f3n de la ciudad de Villa Ballester, siendo numerosas las v\u00edas de acceso con las cuales acercarse.<\/span><span style=\"font-size: 12pt;\"><span style=\"color: #000000;\"><span class=\"Resaltado1\" style=\"font-size: 14pt;\"><br \/><\/span><\/span><\/span><\/p>\n<p style=\"text-align: left;\"><span class=\"Texto_arial\" style=\"font-size: 12pt;\"><span class=\"Resaltado1\" style=\"font-size: 14pt;\">TRENES \u00a0 \u00a0 \u00a0 \u00a0 \u00a0 \u00a0 \u00a0 \u00a0 \u00a0 \u00a0 \u00a0 \u00a0 \u00a0 \u00a0 \u00a0 \u00a0 \u00a0 \u00a0 \u00a0 \u00a0 \u00a0 \u00a0 \u00a0 \u00a0 \u00a0 \u00a0 \u00a0 \u00a0 \u00a0 \u00a0 \u00a0 \u00a0 \u00a0 \u00a0 \u00a0 \u00a0 \u00a0 \u00a0 \u00a0 \u00a0<\/span><\/span><\/p>\n<p class=\"Texto_arial\"><span style=\"font-size: 14pt;\">Estamos a s\u00f3lo unas cuadras de la Estaci\u00f3n Ballester del Ramal Jos\u00e9 Le\u00f3n Su\u00e1rez de la Ex L\u00ednea Mitre.<\/span><\/p>\n<p class=\"Resaltado1\"><span style=\"font-size: 14pt;\">COLECTIVOS \u00a0 \u00a0 \u00a0 \u00a0 \u00a0 \u00a0 \u00a0 \u00a0 \u00a0 \u00a0 \u00a0 \u00a0 \u00a0 \u00a0 \u00a0 \u00a0 \u00a0 \u00a0 \u00a0 \u00a0 \u00a0 \u00a0 \u00a0 \u00a0 \u00a0 \u00a0 \u00a0 \u00a0 \u00a0 \u00a0 \u00a0 \u00a0 \u00a0 \u00a0 \u00a0\u00a0<\/span><\/p>\n<p class=\"Texto_arial\"><span style=\"font-size: 14pt;\">Las l\u00edneas 78, 87, 204, 237, 252 y 343 tambi\u00e9n te acercan a nuestra casa de estudios.<\/span><\/p>\n<p>\u00a0<\/p>\n<p>\u00a0<\/p>","protected":false},"excerpt":{"rendered":"<p>DIRECCI\u00d3N POSTAL (120) Balcarce 3469 (Casi esquina Mitre) &#8211; Villa Ballester\u00a0(B1653MWK) Partido de General San Mart\u00edn &#8211; Provincia de Buenos Aires\u00a0 \u00a0 \u00a0 Tel\u00e9fonos \u00a0 4768-2645 5197-8548 Horarios de Atenci\u00f3n \u00a0 Lunes a Viernes\u00a0de\u00a09.00 a 11.00 y de 18.30 a 22:00 Hs Correo electr\u00f3nico \u00a0 unidadacade174@yahoo.com.ar Sitio Web \u00a0 http:\/\/isfd174.bue.infd.edu.ar\/sitio \u00a0 \u00a0 \u00a0 \u00a0 \u00bfC\u00d3MO &#8230; <a title=\"Ubicaci\u00f3n y Accesos\" class=\"read-more\" href=\"https:\/\/isfd174-bue.infd.edu.ar\/sitio\/ubicacion-y-accesos\/\" aria-label=\"More on Ubicaci\u00f3n y Accesos\">[+]<\/a><\/p>\n","protected":false},"author":1352,"featured_media":0,"parent":0,"menu_order":0,"comment_status":"closed","ping_status":"closed","template":"","meta":[],"acf":[],"_links":{"self":[{"href":"https:\/\/isfd174-bue.infd.edu.ar\/sitio\/wp-json\/wp\/v2\/pages\/814"}],"collection":[{"href":"https:\/\/isfd174-bue.infd.edu.ar\/sitio\/wp-json\/wp\/v2\/pages"}],"about":[{"href":"https:\/\/isfd174-bue.infd.edu.ar\/sitio\/wp-json\/wp\/v2\/types\/page"}],"author":[{"embeddable":true,"href":"https:\/\/isfd174-bue.infd.edu.ar\/sitio\/wp-json\/wp\/v2\/users\/1352"}],"replies":[{"embeddable":true,"href":"https:\/\/isfd174-bue.infd.edu.ar\/sitio\/wp-json\/wp\/v2\/comments?post=814"}],"version-history":[{"count":1,"href":"https:\/\/isfd174-bue.infd.edu.ar\/sitio\/wp-json\/wp\/v2\/pages\/814\/revisions"}],"predecessor-version":[{"id":2695,"href":"https:\/\/isfd174-bue.infd.edu.ar\/sitio\/wp-json\/wp\/v2\/pages\/814\/revisions\/2695"}],"wp:attachment":[{"href":"https:\/\/isfd174-bue.infd.edu.ar\/sitio\/wp-json\/wp\/v2\/media?parent=814"}],"curies":[{"name":"wp","href":"https:\/\/api.w.org\/{rel}","templated":true}]}}