{"id":286,"date":"2016-10-31T13:17:59","date_gmt":"2016-10-31T16:17:59","guid":{"rendered":"https:\/\/isfd174-bue.infd.edu.ar\/sitio\/?page_id=286"},"modified":"2026-03-09T17:16:31","modified_gmt":"2026-03-09T20:16:31","slug":"inicio","status":"publish","type":"page","link":"https:\/\/isfd174-bue.infd.edu.ar\/sitio\/","title":{"rendered":"Mini slide"},"content":{"rendered":"<p><img decoding=\"async\" loading=\"lazy\" class=\"alignnone size-medium wp-image-877\" src=\"https:\/\/isfd174-bue.infd.edu.ar\/sitio\/wp-content\/uploads\/2018\/06\/Slider-6-1000x117.jpg\" alt=\"\" width=\"1000\" height=\"117\" srcset=\"https:\/\/isfd174-bue.infd.edu.ar\/sitio\/wp-content\/uploads\/2018\/06\/Slider-6-1000x117.jpg 1000w, https:\/\/isfd174-bue.infd.edu.ar\/sitio\/wp-content\/uploads\/2018\/06\/Slider-6-768x90.jpg 768w, https:\/\/isfd174-bue.infd.edu.ar\/sitio\/wp-content\/uploads\/2018\/06\/Slider-6-1900x222.jpg 1900w\" sizes=\"(max-width: 1000px) 100vw, 1000px\" \/><\/p>\n<h2 style=\"text-align: center;\"><strong>INFORMACI\u00d3N IMPORTANTE<\/strong><\/h2>\n<h3>Al desplazarse hacia abajo Ud. encontrar\u00e1:<\/h3>\n<h3>1) En primer lugar la informaci\u00f3n sobre el procedimiento de inscripci\u00f3n para ingresar al primer a\u00f1o de alguna de nuestras 6 carreras de formaci\u00f3n docente, haga click aqu\u00ed.<\/h3>\n<h3>2) Debajo de esa secci\u00f3n empieza la de informci\u00f3npara quienes ya son estudiantes de este instituto y queiren inscribirse para cursar materias en 2026.<\/h3>\n<h2 style=\"text-align: center;\"><strong>1. INFORMACI\u00d3N PARA INGRESANTES<\/strong><\/h2>\n<h4>Retomaremos el proceso de inscripci\u00f3n para cursar nuestras carreras de formaci\u00f3n docente a partir del 11 de febrero de 2026 y hasta el 13 de marzo de 2026.<\/h4>\n<h4>El proceso de inscripci\u00f3n comprende dos etapas: En la primera etapa, el aspirante deber\u00e1 completar un formulario web. A este formulario se accede haciendo click en las im\u00e1genes de cada una de las carreras que se encuentran al finalizar este texto.<\/h4>\n<h4>La segunda etapa es presencial. Una vez completado el formulario web, el aspirante deber\u00e1 asistir, a este establecimiento, Balcarce 3469, Villa Ballester, y en el turno de la Carrera elegida, con la siguiente documentaci\u00f3n:<\/h4>\n<div dir=\"ltr\">\n<div>\n<div dir=\"ltr\">\n<h4 dir=\"ltr\"><b>Certificado de estudios secundarios completos<\/b> o de t\u00edtulo en tr\u00e1mite<\/h4>\n<h4 dir=\"ltr\"><b>DNI<\/b><\/h4>\n<\/div>\n<div dir=\"ltr\">\n<h4 dir=\"ltr\"><b>Partida de nacimiento<\/b><br clear=\"none\" \/><br clear=\"none\" \/>Adem\u00e1s deber\u00e1 comprar una carpeta con los formularios de inscripci\u00f3n y presentar todo en la preceptor\u00eda de la carrera. Esta carpeta con los formularios est\u00e1 disponible en la Librer\u00eda del colegio.<\/h4>\n<\/div>\n<p><a href=\"https:\/\/docs.google.com\/forms\/d\/e\/1FAIpQLSdAjrvNnoG5MjdHC5urtZnFDfrGgv0EF3m38-KESY-eF5Rfrw\/viewform?usp=pp_url\"><img decoding=\"async\" loading=\"lazy\" class=\"alignnone size-medium wp-image-2862\" src=\"https:\/\/isfd174-bue.infd.edu.ar\/sitio\/wp-content\/uploads\/2025\/10\/BANER-QUIMICA-1000x284.png\" alt=\"\" width=\"1000\" height=\"284\" srcset=\"https:\/\/isfd174-bue.infd.edu.ar\/sitio\/wp-content\/uploads\/2025\/10\/BANER-QUIMICA-1000x284.png 1000w, https:\/\/isfd174-bue.infd.edu.ar\/sitio\/wp-content\/uploads\/2025\/10\/BANER-QUIMICA-768x218.png 768w, https:\/\/isfd174-bue.infd.edu.ar\/sitio\/wp-content\/uploads\/2025\/10\/BANER-QUIMICA-1536x437.png 1536w, https:\/\/isfd174-bue.infd.edu.ar\/sitio\/wp-content\/uploads\/2025\/10\/BANER-QUIMICA.png 1696w\" sizes=\"(max-width: 1000px) 100vw, 1000px\" \/><\/a> <a href=\"https:\/\/docs.google.com\/forms\/d\/e\/1FAIpQLSeJ3pU-pEYkXzklKP9vDKSOdvKDIGNLBvcyGLDg2mRgreA3jw\/viewform?usp=pp_url\"><img decoding=\"async\" loading=\"lazy\" class=\"alignnone size-medium wp-image-2861\" src=\"https:\/\/isfd174-bue.infd.edu.ar\/sitio\/wp-content\/uploads\/2025\/10\/BANER-PRIMARIA-TURNO-VESPERTINO-1000x284.png\" alt=\"\" width=\"1000\" height=\"284\" srcset=\"https:\/\/isfd174-bue.infd.edu.ar\/sitio\/wp-content\/uploads\/2025\/10\/BANER-PRIMARIA-TURNO-VESPERTINO-1000x284.png 1000w, https:\/\/isfd174-bue.infd.edu.ar\/sitio\/wp-content\/uploads\/2025\/10\/BANER-PRIMARIA-TURNO-VESPERTINO-768x218.png 768w, https:\/\/isfd174-bue.infd.edu.ar\/sitio\/wp-content\/uploads\/2025\/10\/BANER-PRIMARIA-TURNO-VESPERTINO-1536x437.png 1536w, https:\/\/isfd174-bue.infd.edu.ar\/sitio\/wp-content\/uploads\/2025\/10\/BANER-PRIMARIA-TURNO-VESPERTINO.png 1696w\" sizes=\"(max-width: 1000px) 100vw, 1000px\" \/><\/a> <a href=\"https:\/\/docs.google.com\/forms\/d\/e\/1FAIpQLSdX91_W5Cov585iQonVTvGrVNAcKyrr6mOJEYMnLWJ1V6-j_A\/viewform?usp=pp_url\"><img decoding=\"async\" loading=\"lazy\" class=\"alignnone size-medium wp-image-2860\" src=\"https:\/\/isfd174-bue.infd.edu.ar\/sitio\/wp-content\/uploads\/2025\/10\/BANER-PRIMARIA-TURNO-MANANA-1000x284.png\" alt=\"\" width=\"1000\" height=\"284\" srcset=\"https:\/\/isfd174-bue.infd.edu.ar\/sitio\/wp-content\/uploads\/2025\/10\/BANER-PRIMARIA-TURNO-MANANA-1000x284.png 1000w, https:\/\/isfd174-bue.infd.edu.ar\/sitio\/wp-content\/uploads\/2025\/10\/BANER-PRIMARIA-TURNO-MANANA-768x218.png 768w, https:\/\/isfd174-bue.infd.edu.ar\/sitio\/wp-content\/uploads\/2025\/10\/BANER-PRIMARIA-TURNO-MANANA-1536x437.png 1536w, https:\/\/isfd174-bue.infd.edu.ar\/sitio\/wp-content\/uploads\/2025\/10\/BANER-PRIMARIA-TURNO-MANANA.png 1696w\" sizes=\"(max-width: 1000px) 100vw, 1000px\" \/><\/a> <a href=\"https:\/\/docs.google.com\/forms\/d\/e\/1FAIpQLSchfyqiKPm90Rtf75NaqRzAg2Yx5EExmAPzU-62yHxygIen-g\/viewform?usp=pp_url\"><img decoding=\"async\" loading=\"lazy\" class=\"alignnone size-medium wp-image-2859\" src=\"https:\/\/isfd174-bue.infd.edu.ar\/sitio\/wp-content\/uploads\/2025\/10\/BANER-LENGUA-Y-LITERATURA-1000x284.png\" alt=\"\" width=\"1000\" height=\"284\" srcset=\"https:\/\/isfd174-bue.infd.edu.ar\/sitio\/wp-content\/uploads\/2025\/10\/BANER-LENGUA-Y-LITERATURA-1000x284.png 1000w, https:\/\/isfd174-bue.infd.edu.ar\/sitio\/wp-content\/uploads\/2025\/10\/BANER-LENGUA-Y-LITERATURA-768x218.png 768w, https:\/\/isfd174-bue.infd.edu.ar\/sitio\/wp-content\/uploads\/2025\/10\/BANER-LENGUA-Y-LITERATURA-1536x437.png 1536w, https:\/\/isfd174-bue.infd.edu.ar\/sitio\/wp-content\/uploads\/2025\/10\/BANER-LENGUA-Y-LITERATURA.png 1696w\" sizes=\"(max-width: 1000px) 100vw, 1000px\" \/><\/a> <a href=\"https:\/\/docs.google.com\/forms\/d\/e\/1FAIpQLSeB_XIIUTmIi3rkHOpiGWl0LERtWX_mDWZdoXrgCsaiFjnkyw\/viewform?usp=pp_url\"><img decoding=\"async\" loading=\"lazy\" class=\"alignnone size-medium wp-image-2858\" src=\"https:\/\/isfd174-bue.infd.edu.ar\/sitio\/wp-content\/uploads\/2025\/10\/BANER-INGLES-1000x284.png\" alt=\"\" width=\"1000\" height=\"284\" srcset=\"https:\/\/isfd174-bue.infd.edu.ar\/sitio\/wp-content\/uploads\/2025\/10\/BANER-INGLES-1000x284.png 1000w, https:\/\/isfd174-bue.infd.edu.ar\/sitio\/wp-content\/uploads\/2025\/10\/BANER-INGLES-768x218.png 768w, https:\/\/isfd174-bue.infd.edu.ar\/sitio\/wp-content\/uploads\/2025\/10\/BANER-INGLES-1536x437.png 1536w, https:\/\/isfd174-bue.infd.edu.ar\/sitio\/wp-content\/uploads\/2025\/10\/BANER-INGLES.png 1696w\" sizes=\"(max-width: 1000px) 100vw, 1000px\" \/><\/a> <a href=\"https:\/\/docs.google.com\/forms\/d\/e\/1FAIpQLScaiM_YerCFbwlC6qUSlB9QsBxHjH0vD-jQ1Ufo2O6KWfxImA\/viewform?usp=pp_url\"><img decoding=\"async\" loading=\"lazy\" class=\"alignnone size-medium wp-image-2857\" src=\"https:\/\/isfd174-bue.infd.edu.ar\/sitio\/wp-content\/uploads\/2025\/10\/BANER-GEOGRAFIA-1000x284.png\" alt=\"\" width=\"1000\" height=\"284\" srcset=\"https:\/\/isfd174-bue.infd.edu.ar\/sitio\/wp-content\/uploads\/2025\/10\/BANER-GEOGRAFIA-1000x284.png 1000w, https:\/\/isfd174-bue.infd.edu.ar\/sitio\/wp-content\/uploads\/2025\/10\/BANER-GEOGRAFIA-768x218.png 768w, https:\/\/isfd174-bue.infd.edu.ar\/sitio\/wp-content\/uploads\/2025\/10\/BANER-GEOGRAFIA-1536x437.png 1536w, https:\/\/isfd174-bue.infd.edu.ar\/sitio\/wp-content\/uploads\/2025\/10\/BANER-GEOGRAFIA.png 1696w\" sizes=\"(max-width: 1000px) 100vw, 1000px\" \/><\/a> <a href=\"https:\/\/docs.google.com\/forms\/d\/e\/1FAIpQLSenqZ0aQDkURVFSJm_Hst8wtFIWtMULPzGc0oC2Unkbigy02w\/viewform?usp=pp_url\"><img decoding=\"async\" loading=\"lazy\" class=\"alignnone size-medium wp-image-2856\" src=\"https:\/\/isfd174-bue.infd.edu.ar\/sitio\/wp-content\/uploads\/2025\/10\/BANER-BIOLOGIA-1000x284.png\" alt=\"\" width=\"1000\" height=\"284\" srcset=\"https:\/\/isfd174-bue.infd.edu.ar\/sitio\/wp-content\/uploads\/2025\/10\/BANER-BIOLOGIA-1000x284.png 1000w, https:\/\/isfd174-bue.infd.edu.ar\/sitio\/wp-content\/uploads\/2025\/10\/BANER-BIOLOGIA-768x218.png 768w, https:\/\/isfd174-bue.infd.edu.ar\/sitio\/wp-content\/uploads\/2025\/10\/BANER-BIOLOGIA-1536x437.png 1536w, https:\/\/isfd174-bue.infd.edu.ar\/sitio\/wp-content\/uploads\/2025\/10\/BANER-BIOLOGIA.png 1696w\" sizes=\"(max-width: 1000px) 100vw, 1000px\" \/><\/a><\/p>\n<\/div>\n<h2>\u00a0<\/h2>\n<h2 style=\"text-align: center;\"><strong>2. INSCRIPCI\u00d3N A CURSADAS DE MATERIAS EN 2026<\/strong><\/h2>\n<p>Para inscribirse a cursadas de materias en 2026, deber\u00e1 hacer CLICK en la Imagen de la carrera correspoindiente, y ser\u00e1 redirigido a un formulario de inscripci\u00f3n.<\/p>\n<p>&nbsp;<\/p>\n<\/div>\n<div><a href=\"https:\/\/forms.gle\/CoEYkTFBgfXM35QM8\"><img decoding=\"async\" loading=\"lazy\" class=\"alignnone wp-image-2862\" src=\"https:\/\/isfd174-bue.infd.edu.ar\/sitio\/wp-content\/uploads\/2025\/10\/BANER-QUIMICA-1000x284.png\" alt=\"\" width=\"621\" height=\"135\" \/><\/a><\/div>\n<div>\u00a0<\/div>\n<div><a href=\"https:\/\/forms.gle\/t3RN2JKr6LYFot687\"><img decoding=\"async\" loading=\"lazy\" class=\"\" src=\"https:\/\/isfd174-bue.infd.edu.ar\/sitio\/wp-content\/uploads\/2025\/10\/BANER-PRIMARIA-TURNO-VESPERTINO-1000x284.png\" width=\"616\" height=\"160\" \/><\/a><\/div>\n<div>\u00a0<\/div>\n<div><a href=\"https:\/\/forms.gle\/LybAQbCRtw1jd6qHA\"><img decoding=\"async\" loading=\"lazy\" class=\"\" src=\"https:\/\/isfd174-bue.infd.edu.ar\/sitio\/wp-content\/uploads\/2025\/10\/BANER-PRIMARIA-TURNO-MANANA-1000x284.png\" width=\"614\" height=\"164\" \/><\/a><\/div>\n<div>\u00a0<\/div>\n<div><a href=\"https:\/\/forms.gle\/NgMufnuCU74XNaAZA\"><img decoding=\"async\" loading=\"lazy\" class=\"\" src=\"https:\/\/isfd174-bue.infd.edu.ar\/sitio\/wp-content\/uploads\/2025\/10\/BANER-LENGUA-Y-LITERATURA-1000x284.png\" width=\"613\" height=\"178\" \/><\/a><\/div>\n<div>\u00a0<\/div>\n<div><a href=\"https:\/\/forms.gle\/sKAySfj8rGHuvjj39\"><img decoding=\"async\" loading=\"lazy\" class=\"alignnone  wp-image-2858\" src=\"https:\/\/isfd174-bue.infd.edu.ar\/sitio\/wp-content\/uploads\/2025\/10\/BANER-INGLES-1000x284.png\" alt=\"\" width=\"617\" height=\"160\" \/><\/a><\/div>\n<div>\u00a0<\/div>\n<div><a href=\"https:\/\/forms.gle\/WZJbUyziFjyjvRV86\"><img decoding=\"async\" loading=\"lazy\" class=\"alignnone  wp-image-2857\" src=\"https:\/\/isfd174-bue.infd.edu.ar\/sitio\/wp-content\/uploads\/2025\/10\/BANER-GEOGRAFIA-1000x284.png\" alt=\"\" width=\"616\" height=\"179\" \/><\/a><\/div>\n<div>\u00a0<\/div>\n<div><a href=\"https:\/\/forms.gle\/1mEDS5BeZHjCK7fy7\"><img decoding=\"async\" loading=\"lazy\" class=\"alignnone  wp-image-2856\" src=\"https:\/\/isfd174-bue.infd.edu.ar\/sitio\/wp-content\/uploads\/2025\/10\/BANER-BIOLOGIA-1000x284.png\" alt=\"\" width=\"619\" height=\"173\" \/><\/a><\/div>\n<div>\u00a0<\/div>\n<div>\u00a0<\/div>\n<h2 style=\"text-align: center;\"><strong>INSCRIPCI\u00d3N ACURSADAS 2026<\/strong><\/h2>\n<p>Para Inscribirse para cursar asignaturas en 2026 haga CLICK en la Imagen correspondiente y ser\u00e1 redirigido a un formulario de inscripci\u00f3n.<\/p>\n","protected":false},"excerpt":{"rendered":"<p>INFORMACI\u00d3N IMPORTANTE Al desplazarse hacia abajo Ud. encontrar\u00e1: 1) En primer lugar la informaci\u00f3n sobre el procedimiento de inscripci\u00f3n para ingresar al primer a\u00f1o de alguna de nuestras 6 carreras de formaci\u00f3n docente, haga click aqu\u00ed. 2) Debajo de esa secci\u00f3n empieza la de informci\u00f3npara quienes ya son estudiantes de este instituto y queiren inscribirse &#8230; <a title=\"Mini slide\" class=\"read-more\" href=\"https:\/\/isfd174-bue.infd.edu.ar\/sitio\/\" aria-label=\"More on Mini slide\">[+]<\/a><\/p>\n","protected":false},"author":1352,"featured_media":0,"parent":0,"menu_order":0,"comment_status":"closed","ping_status":"closed","template":"","meta":[],"acf":[],"_links":{"self":[{"href":"https:\/\/isfd174-bue.infd.edu.ar\/sitio\/wp-json\/wp\/v2\/pages\/286"}],"collection":[{"href":"https:\/\/isfd174-bue.infd.edu.ar\/sitio\/wp-json\/wp\/v2\/pages"}],"about":[{"href":"https:\/\/isfd174-bue.infd.edu.ar\/sitio\/wp-json\/wp\/v2\/types\/page"}],"author":[{"embeddable":true,"href":"https:\/\/isfd174-bue.infd.edu.ar\/sitio\/wp-json\/wp\/v2\/users\/1352"}],"replies":[{"embeddable":true,"href":"https:\/\/isfd174-bue.infd.edu.ar\/sitio\/wp-json\/wp\/v2\/comments?post=286"}],"version-history":[{"count":936,"href":"https:\/\/isfd174-bue.infd.edu.ar\/sitio\/wp-json\/wp\/v2\/pages\/286\/revisions"}],"predecessor-version":[{"id":2981,"href":"https:\/\/isfd174-bue.infd.edu.ar\/sitio\/wp-json\/wp\/v2\/pages\/286\/revisions\/2981"}],"wp:attachment":[{"href":"https:\/\/isfd174-bue.infd.edu.ar\/sitio\/wp-json\/wp\/v2\/media?parent=286"}],"curies":[{"name":"wp","href":"https:\/\/api.w.org\/{rel}","templated":true}]}}