{"id":2131,"date":"2023-03-27T21:48:06","date_gmt":"2023-03-28T00:48:06","guid":{"rendered":"https:\/\/isfd174-bue.infd.edu.ar\/sitio\/?page_id=2131"},"modified":"2023-04-10T22:42:29","modified_gmt":"2023-04-11T01:42:29","slug":"comunicaciones-importantes","status":"publish","type":"page","link":"https:\/\/isfd174-bue.infd.edu.ar\/sitio\/comunicaciones-importantes\/","title":{"rendered":"COMUNICACIONES IMPORTANTES"},"content":{"rendered":"\n<p>1.En los siguientes LINKS encontrar\u00e1 informaci\u00f3n importante respecto del llamado llamado a pruebas de selecci\u00f3n para el cargo de Inspector de la Direcci\u00f3n Provincial de Educaci\u00f3n Superior<\/p>\n\n\n\n<p><a rel=\"noreferrer noopener\" href=\"https:\/\/isfd174-bue.infd.edu.ar\/aula\/archivos\/repositorio\/\/1000\/1214\/INSTRUCTIVO_INSCRIPCION_A_PRUEBAS_DE_SELECCION_2023.pdf\" target=\"_blank\">INSTRUCTIVO_INSCRIPCION_A_PRUEBAS_DE_SELECCION_2023.pdf<\/a><\/p>\n\n\n\n<p><a rel=\"noreferrer noopener\" href=\"https:\/\/isfd174-bue.infd.edu.ar\/aula\/archivos\/repositorio\/\/1000\/1213\/DISPO-2023-162-GDEBA-SSEDGCYE_-_INSPECTORAS_ES_SUPERIOR.pdf\" target=\"_blank\">DISPO-2023-162-GDEBA-SSEDGCYE_-_INSPECTORAS_ES_SUPERIOR.pdf<\/a><\/p>\n\n\n\n<p>2.En los siguientes LINK encontrar\u00e1 informaci\u00f3n importante respecto a la convocatoria para Pruebas de Selecci\u00f3n de Jefes de \u00c1rea<\/p>\n\n\n\n<p><a rel=\"noreferrer noopener\" href=\"https:\/\/isfd174-bue.infd.edu.ar\/aula\/archivos\/repositorio\/\/1000\/1210\/DISPO-2023-141-GDEBA-SSEDGCYE_-_JEFAS_ES_DE_AREA_-_SUPERIOR_INICIAL.pdf\" target=\"_blank\">DISPO-2023-141-GDEBA-SSEDGCYE_-_JEFAS_ES_DE_AREA_-_SUPERIOR_INICIAL.pdf<\/a><\/p>\n\n\n\n<p><a rel=\"noreferrer noopener\" href=\"https:\/\/isfd174-bue.infd.edu.ar\/aula\/archivos\/repositorio\/\/1000\/1211\/COMISIONES_EVALUADORAS_ZONALES_-_JEFAS_ES_DE_AREA_-_SUPERIOR_INICIAL.pdf\" target=\"_blank\">COMISIONES_EVALUADORAS_ZONALES_-_JEFAS_ES_DE_AREA_-_SUPERIOR_INICIAL.pdf<\/a><\/p>\n\n\n\n<p><a rel=\"noreferrer noopener\" href=\"https:\/\/isfd174-bue.infd.edu.ar\/aula\/archivos\/repositorio\/\/1000\/1212\/INSTRUCTIVO_INSCRIPCION_A_PRUEBAS_DE_SELECCION_2023.pdf\" target=\"_blank\">INSTRUCTIVO_INSCRIPCION_A_PRUEBAS_DE_SELECCION_2023.pdf<\/a><\/p>\n\n\n\n<p>3. En los siguientes LINKs encontrar\u00e1n informaci\u00f3n importante sobre pruebas de selecci\u00f3n para cargos jer\u00e1rquicos, publicada en SAD SAN MART\u00cdN<\/p>\n\n\n\n<p><a rel=\"noreferrer noopener\" href=\"http:\/\/sadsanmartin.blogspot.com\/2023\/03\/pruebas-de-seleccion-para-directora.html\" target=\"_blank\">http:\/\/sadsanmartin.blogspot.com\/2023\/03\/pruebas-de-seleccion-para-directora.html<\/a><\/p>\n\n\n\n<p>3. En los siguientes documentos encontrar\u00e1n informaci\u00f3n sobre llamado a pruebas de selecci\u00f3n para secretarios de IS.<\/p>\n\n\n\n<p><a rel=\"noreferrer noopener\" href=\"https:\/\/isfd174-bue.infd.edu.ar\/aula\/archivos\/repositorio\/\/1000\/1202\/DISPO-2023-123-GDEBA-SSEDGCYE_-_PS_SECRETARIAS_OS_SUPERIOR.pdf\" target=\"_blank\">DISPO-2023-123-GDEBA-SSEDGCYE_-_PS_SECRETARIAS_OS_SUPERIOR.pdf<\/a><\/p>\n\n\n\n<p><a rel=\"noreferrer noopener\" href=\"http:\/\/sadsanmartin.blogspot.com\/2023\/03\/pruebas-de-seleccion-para-secretarioa.html\" target=\"_blank\">http:\/\/sadsanmartin.blogspot.com\/2023\/03\/pruebas-de-seleccion-para-secretarioa.html<\/a><\/p>\n\n\n\n<p><a href=\"https:\/\/isfd174-bue.infd.edu.ar\/aula\/administracion\/admin_repositorio.cgi?wAccion=modifica_data&amp;wPagina=&amp;wid_objeto=1203&amp;wid_cursoActual=23&amp;wBuscar=&amp;wFiltrar=\">COMISIONES_EVALUADORAS_ZONALES_-_SUPERIOR_-_SEC&#8230;<\/a><\/p>\n\n\n\n<p><a rel=\"noreferrer noopener\" href=\"https:\/\/isfd174-bue.infd.edu.ar\/aula\/archivos\/pub\/INSTRUCTIVO_INSCRIPCION_A_PRUEBAS_DE_SELECCION_2023.pdf\" target=\"_blank\"><\/a><a rel=\"noreferrer noopener\" href=\"https:\/\/isfd174-bue.infd.edu.ar\/aula\/archivos\/repositorio\/\/1000\/1204\/INSTRUCTIVO_INSCRIPCION_A_PRUEBAS_DE_SELECCION_2023.pdf\" target=\"_blank\">INSTRUCTIVO_INSCRIPCION_A_PRUEBAS_DE_SELECCION_2023.pdf<\/a><\/p>\n\n\n\n<p>4. En los siguientes documentos encontrar\u00e1n informaci\u00f3n importante sobre llamado a pruebas de selecci\u00f3n de DIRECTORES de IS.<\/p>\n\n\n\n<p><a rel=\"noreferrer noopener\" href=\"https:\/\/isfd174-bue.infd.edu.ar\/aula\/archivos\/repositorio\/\/1000\/1205\/DISPO-2023-93-GDEBA-SSEDGCYE_-_PS_DIRECTORAS_ES_EDUCACION_SUPERIOR.pdf\" target=\"_blank\">DISPO-2023-93-GDEBA-SSEDGCYE_-_PS_DIRECTORAS_ES_EDUCACION_SUPERIOR.pdf<\/a><\/p>\n\n\n\n<p><a rel=\"noreferrer noopener\" href=\"https:\/\/isfd174-bue.infd.edu.ar\/aula\/archivos\/repositorio\/\/1000\/1206\/COMISIONES_EVALUADORAS_ZONALES_-_SUPERIOR_INICIAL_-_DIRECTORAS_ES.pdf\" target=\"_blank\">COMISIONES_EVALUADORAS_ZONALES_-_SUPERIOR_INICIAL_-_DIRECTORAS_ES.pdf<\/a><\/p>\n\n\n\n<p>5. En los siguientes documentos encontrar\u00e1n informaci\u00f3n importante sobre <strong>Bases para la presentaci\u00f3n de Proyectos de Apoyo Pedag\u00f3gico a Escuelas (APE) \u2013 INFoD<\/strong><\/p>\n\n\n\n<p><a rel=\"noreferrer noopener\" href=\"https:\/\/isfd174-bue.infd.edu.ar\/aula\/archivos\/repositorio\/\/1000\/1207\/Comunicacion_Conjunta_N_1-23_dpes_dfdi_dea.pdf\" target=\"_blank\">Comunicacion_Conjunta_N_1-23_dpes_dfdi_dea.pdf<\/a><\/p>\n\n\n\n<p><a rel=\"noreferrer noopener\" href=\"https:\/\/isfd174-bue.infd.edu.ar\/aula\/archivos\/repositorio\/\/1000\/1208\/Proyectos_de_Apoyo_Pedagogico_a_Escuelas_APE_INFoD_marzo_2023_1.docx\" target=\"_blank\">Proyectos_de_Apoyo_Pedagogico_a_Escuelas_APE_INFoD_marzo_2023_1.docx<\/a><\/p>\n\n\n\n<figure class=\"wp-block-gallery has-nested-images columns-default is-cropped wp-block-gallery-1 is-layout-flex\"><\/figure>\n\n\n\n<p><\/p>\n","protected":false},"excerpt":{"rendered":"<p>1.En los siguientes LINKS encontrar\u00e1 informaci\u00f3n importante respecto del llamado llamado a pruebas de selecci\u00f3n para el cargo de Inspector de la Direcci\u00f3n Provincial de Educaci\u00f3n Superior INSTRUCTIVO_INSCRIPCION_A_PRUEBAS_DE_SELECCION_2023.pdf DISPO-2023-162-GDEBA-SSEDGCYE_-_INSPECTORAS_ES_SUPERIOR.pdf 2.En los siguientes LINK encontrar\u00e1 informaci\u00f3n importante respecto a la convocatoria para Pruebas de Selecci\u00f3n de Jefes de \u00c1rea DISPO-2023-141-GDEBA-SSEDGCYE_-_JEFAS_ES_DE_AREA_-_SUPERIOR_INICIAL.pdf COMISIONES_EVALUADORAS_ZONALES_-_JEFAS_ES_DE_AREA_-_SUPERIOR_INICIAL.pdf INSTRUCTIVO_INSCRIPCION_A_PRUEBAS_DE_SELECCION_2023.pdf 3. En los siguientes &#8230; <a title=\"COMUNICACIONES IMPORTANTES\" class=\"read-more\" href=\"https:\/\/isfd174-bue.infd.edu.ar\/sitio\/comunicaciones-importantes\/\" aria-label=\"More on COMUNICACIONES IMPORTANTES\">[+]<\/a><\/p>\n","protected":false},"author":1352,"featured_media":0,"parent":0,"menu_order":0,"comment_status":"closed","ping_status":"closed","template":"","meta":[],"acf":[],"_links":{"self":[{"href":"https:\/\/isfd174-bue.infd.edu.ar\/sitio\/wp-json\/wp\/v2\/pages\/2131"}],"collection":[{"href":"https:\/\/isfd174-bue.infd.edu.ar\/sitio\/wp-json\/wp\/v2\/pages"}],"about":[{"href":"https:\/\/isfd174-bue.infd.edu.ar\/sitio\/wp-json\/wp\/v2\/types\/page"}],"author":[{"embeddable":true,"href":"https:\/\/isfd174-bue.infd.edu.ar\/sitio\/wp-json\/wp\/v2\/users\/1352"}],"replies":[{"embeddable":true,"href":"https:\/\/isfd174-bue.infd.edu.ar\/sitio\/wp-json\/wp\/v2\/comments?post=2131"}],"version-history":[{"count":15,"href":"https:\/\/isfd174-bue.infd.edu.ar\/sitio\/wp-json\/wp\/v2\/pages\/2131\/revisions"}],"predecessor-version":[{"id":2200,"href":"https:\/\/isfd174-bue.infd.edu.ar\/sitio\/wp-json\/wp\/v2\/pages\/2131\/revisions\/2200"}],"wp:attachment":[{"href":"https:\/\/isfd174-bue.infd.edu.ar\/sitio\/wp-json\/wp\/v2\/media?parent=2131"}],"curies":[{"name":"wp","href":"https:\/\/api.w.org\/{rel}","templated":true}]}}